{"id":4188,"date":"2024-11-19T16:39:38","date_gmt":"2024-11-19T15:39:38","guid":{"rendered":"https:\/\/allthemillions.com\/about-us\/istvan-fodor\/"},"modified":"2025-01-29T21:14:47","modified_gmt":"2025-01-29T20:14:47","slug":"istvan-fodor","status":"publish","type":"page","link":"https:\/\/allthemillions.com\/en\/about-us\/istvan-fodor\/","title":{"rendered":"Istv\u00e1n Fodor"},"content":{"rendered":"\t\t<div data-elementor-type=\"wp-page\" data-elementor-id=\"4188\" class=\"elementor elementor-4188 elementor-3486\" data-elementor-post-type=\"page\">\n\t\t\t\t<div class=\"elementor-element elementor-element-11006e8 e-flex e-con-boxed e-con e-parent\" data-id=\"11006e8\" data-element_type=\"container\">\n\t\t\t\t\t<div class=\"e-con-inner\">\n\t\t\t\t<div class=\"elementor-element elementor-element-ae72538 elementor-widget elementor-widget-template\" data-id=\"ae72538\" data-element_type=\"widget\" data-widget_type=\"template.default\">\n\t\t\t\t<div class=\"elementor-widget-container\">\n\t\t\t\t\t\t\t<div class=\"elementor-template\">\n\t\t\t\t\t<div data-elementor-type=\"section\" data-elementor-id=\"4212\" class=\"elementor elementor-4212 elementor-3489\" data-elementor-post-type=\"elementor_library\">\n\t\t\t\t\t<section class=\"elementor-section elementor-top-section elementor-element elementor-element-47d0309 elementor-section-content-middle elementor-section-boxed elementor-section-height-default elementor-section-height-default\" data-id=\"47d0309\" data-element_type=\"section\">\n\t\t\t\t\t\t<div class=\"elementor-container elementor-column-gap-default\">\n\t\t\t\t\t<div class=\"elementor-column elementor-col-50 elementor-top-column elementor-element elementor-element-163291f\" data-id=\"163291f\" data-element_type=\"column\">\n\t\t\t<div class=\"elementor-widget-wrap elementor-element-populated\">\n\t\t\t\t\t\t<div class=\"elementor-element elementor-element-9ecf26d elementor-invisible elementor-widget elementor-widget-text-editor\" data-id=\"9ecf26d\" data-element_type=\"widget\" data-settings=\"{&quot;_animation&quot;:&quot;fadeInDown&quot;,&quot;_animation_delay&quot;:1500}\" data-widget_type=\"text-editor.default\">\n\t\t\t\t<div class=\"elementor-widget-container\">\n\t\t\t\t\t\t\t\t\t<p>Welcome!<\/p>\n\t\t\t\t\t\t\t\t<\/div>\n\t\t\t\t<\/div>\n\t\t\t\t<div class=\"elementor-element elementor-element-8380854 elementor-invisible elementor-widget elementor-widget-heading\" data-id=\"8380854\" data-element_type=\"widget\" data-settings=\"{&quot;_animation&quot;:&quot;fadeInRight&quot;}\" data-widget_type=\"heading.default\">\n\t\t\t\t<div class=\"elementor-widget-container\">\n\t\t\t\t\t<h2 class=\"elementor-heading-title elementor-size-default\">Istv\u00e1n Fodor<\/h2>\t\t\t\t<\/div>\n\t\t\t\t<\/div>\n\t\t\t\t<div class=\"elementor-element elementor-element-770b290 elementor-invisible elementor-widget elementor-widget-text-editor\" data-id=\"770b290\" data-element_type=\"widget\" data-settings=\"{&quot;_animation&quot;:&quot;fadeInRight&quot;,&quot;_animation_delay&quot;:150}\" data-widget_type=\"text-editor.default\">\n\t\t\t\t<div class=\"elementor-widget-container\">\n\t\t\t\t\t\t\t\t\t\n          <p>I joined the team as a software developer to support the company&#8217;s investment objectives by developing algorithmic trading bots.<\/p>\n          \n\n          <p>I have more than a decade of experience in various industries, specialising in solving complex technological problems.<\/p>\n          \n\n          <p>My passion for data-driven systems and high-performance software has helped me to deliver many successful projects.<\/p>\n        \t\t\t\t\t\t\t\t<\/div>\n\t\t\t\t<\/div>\n\t\t\t\t<div class=\"elementor-element elementor-element-252dda3 elementor-widget elementor-widget-gtbus-ct-info\" data-id=\"252dda3\" data-element_type=\"widget\" data-widget_type=\"gtbus-ct-info.default\">\n\t\t\t\t<div class=\"elementor-widget-container\">\n\t\t\t\t\t<ul class=\"gtb-contact-link-1 progress-1\">\n            <li class=\"wow fadeIn\"  data-wow-duration=\"1s\" data-wow-delay=\".3s\">\n            <a href=\"mailto:istvan.fodor@allthemillions.com\" aria-label=\"contact link\">\n                            <i aria-hidden=\"true\" class=\"fas fa-envelope\"><\/i>                \n            istvan.fodor@allthemillions.com            <\/a>\n        <\/li>\n    <\/ul>\t\t\t\t<\/div>\n\t\t\t\t<\/div>\n\t\t\t\t<div class=\"elementor-element elementor-element-58113a0 elementor-invisible elementor-widget elementor-widget-gtbus-button\" data-id=\"58113a0\" data-element_type=\"widget\" data-settings=\"{&quot;_animation&quot;:&quot;fadeInRight&quot;,&quot;_animation_delay&quot;:600}\" data-widget_type=\"gtbus-button.default\">\n\t\t\t\t<div class=\"elementor-widget-container\">\n\t\t\t\t\t<div class=\"btnalign\">\n    <a href=\"https:\/\/allthemillions.com\/rolunk\/fodor-istvan\/\" target=\"_blank\" rel=\"nofollow\" aria-label=\"qoution button\" class=\"gtb-pr-btn-1\">\n        About Me        <span class=\"icon\"> <i class=\"fas icon-1 fa-long-arrow-alt-right\"><\/i><\/span>\n    <\/a>\n<\/div>\t\t\t\t<\/div>\n\t\t\t\t<\/div>\n\t\t\t\t\t<\/div>\n\t\t<\/div>\n\t\t\t\t<div class=\"elementor-column elementor-col-50 elementor-top-column elementor-element elementor-element-8a1794b\" data-id=\"8a1794b\" data-element_type=\"column\">\n\t\t\t<div class=\"elementor-widget-wrap elementor-element-populated\">\n\t\t\t\t\t\t<div class=\"elementor-element elementor-element-f7d2c5a elementor-widget elementor-widget-image\" data-id=\"f7d2c5a\" data-element_type=\"widget\" data-widget_type=\"image.default\">\n\t\t\t\t<div class=\"elementor-widget-container\">\n\t\t\t\t\t\t\t\t\t\t\t\t\t\t\t<img fetchpriority=\"high\" decoding=\"async\" width=\"640\" height=\"777\" src=\"https:\/\/allthemillions.com\/wp-content\/uploads\/2024\/11\/fodor-istvan-843x1024.jpg\" class=\"attachment-large size-large wp-image-3528\" alt=\"\" srcset=\"https:\/\/allthemillions.com\/wp-content\/uploads\/2024\/11\/fodor-istvan-843x1024.jpg 843w, https:\/\/allthemillions.com\/wp-content\/uploads\/2024\/11\/fodor-istvan-247x300.jpg 247w, https:\/\/allthemillions.com\/wp-content\/uploads\/2024\/11\/fodor-istvan-768x933.jpg 768w, https:\/\/allthemillions.com\/wp-content\/uploads\/2024\/11\/fodor-istvan-600x729.jpg 600w, https:\/\/allthemillions.com\/wp-content\/uploads\/2024\/11\/fodor-istvan.jpg 896w\" sizes=\"(max-width: 640px) 100vw, 640px\" \/>\t\t\t\t\t\t\t\t\t\t\t\t\t\t\t<\/div>\n\t\t\t\t<\/div>\n\t\t\t\t\t<\/div>\n\t\t<\/div>\n\t\t\t\t\t<\/div>\n\t\t<\/section>\n\t\t\t\t<\/div>\n\t\t\t\t<\/div>\n\t\t\t\t\t\t<\/div>\n\t\t\t\t<\/div>\n\t\t\t\t\t<\/div>\n\t\t\t\t<\/div>\n\t\t<div class=\"elementor-element elementor-element-2bbd669 e-flex e-con-boxed e-con e-parent\" data-id=\"2bbd669\" data-element_type=\"container\">\n\t\t\t\t\t<div class=\"e-con-inner\">\n\t\t\t\t<div class=\"elementor-element elementor-element-9cf22d3 elementor-widget elementor-widget-gtbus-s-heading\" data-id=\"9cf22d3\" data-element_type=\"widget\" data-widget_type=\"gtbus-s-heading.default\">\n\t\t\t\t<div class=\"elementor-widget-container\">\n\t\t\t\t\t<div class=\"txt-section-title-2 txt-headline-2 pera-content txt-text-anim prthalign\">\n        <div class=\"subtitle elementor-gtbus-subtitle text-uppercase wow fadeInRight\"  data-wow-delay=\"200ms\" data-wow-duration=\"1000ms\">\n    Fodor Istv\u00e1n    <\/div>\n        <h3 class=\"elementor-gtbus-heading txt_sec_title tx-split-text split-in-right-2\">Munkatapasztalatom \u00e9s szakmai eredm\u00e9nyeim<\/h3>    <\/div>\t\t\t\t<\/div>\n\t\t\t\t<\/div>\n\t\t\t\t<div class=\"elementor-element elementor-element-1ad4895 elementor-widget elementor-widget-heading\" data-id=\"1ad4895\" data-element_type=\"widget\" data-widget_type=\"heading.default\">\n\t\t\t\t<div class=\"elementor-widget-container\">\n\t\t\t\t\t<h2 class=\"elementor-heading-title elementor-size-default\">EPAM Systems<\/h2>\t\t\t\t<\/div>\n\t\t\t\t<\/div>\n\t\t\t\t<div class=\"elementor-element elementor-element-4c7bc7d elementor-widget elementor-widget-text-editor\" data-id=\"4c7bc7d\" data-element_type=\"widget\" data-widget_type=\"text-editor.default\">\n\t\t\t\t<div class=\"elementor-widget-container\">\n\t\t\t\t\t\t\t\t\t<p>I started my career as a Java and UI developer, developing frontend and backend components for complex enterprise applications. This period laid the foundation for my agile development approach and technical foundation. <\/p>\n\t\t\t\t\t\t\t\t<\/div>\n\t\t\t\t<\/div>\n\t\t\t\t<div class=\"elementor-element elementor-element-ec87bfa elementor-widget elementor-widget-heading\" data-id=\"ec87bfa\" data-element_type=\"widget\" data-widget_type=\"heading.default\">\n\t\t\t\t<div class=\"elementor-widget-container\">\n\t\t\t\t\t<h2 class=\"elementor-heading-title elementor-size-default\">FIFA<\/h2>\t\t\t\t<\/div>\n\t\t\t\t<\/div>\n\t\t\t\t<div class=\"elementor-element elementor-element-ade6d5c elementor-widget elementor-widget-text-editor\" data-id=\"ade6d5c\" data-element_type=\"widget\" data-widget_type=\"text-editor.default\">\n\t\t\t\t<div class=\"elementor-widget-container\">\n\t\t\t\t\t\t\t\t\t<p>I was involved in the development of the international player transfer system, which serves as a central platform for football clubs around the world. The system ensured secure and efficient data management during transfer transactions. <\/p>\n<p>For the 2022 FIFA World Cup, I developed an innovative software that allowed me to track players&#8217; movements, position, passing accuracy and running skills in real time. This system played a key role in optimising the strategies and opponent analysis of international teams. <\/p>\n\t\t\t\t\t\t\t\t<\/div>\n\t\t\t\t<\/div>\n\t\t\t\t<div class=\"elementor-element elementor-element-9a910a9 elementor-widget elementor-widget-heading\" data-id=\"9a910a9\" data-element_type=\"widget\" data-widget_type=\"heading.default\">\n\t\t\t\t<div class=\"elementor-widget-container\">\n\t\t\t\t\t<h2 class=\"elementor-heading-title elementor-size-default\">Synum Bank<\/h2>\t\t\t\t<\/div>\n\t\t\t\t<\/div>\n\t\t\t\t<div class=\"elementor-element elementor-element-5704319 elementor-widget elementor-widget-text-editor\" data-id=\"5704319\" data-element_type=\"widget\" data-widget_type=\"text-editor.default\">\n\t\t\t\t<div class=\"elementor-widget-container\">\n\t\t\t\t\t\t\t\t\t<p>At Synum Bank, I was involved in the development of banking solutions that integrated crypto technology into traditional banking systems.<\/p>\n<p>I developed a blockchain-based transaction management system that enabled increased data security and faster financial transactions for the bank&#8217;s customers.<\/p>\n<p>I have been involved in implementing digital financial services such as e-wallets and smart contracts.<\/p>\n\t\t\t\t\t\t\t\t<\/div>\n\t\t\t\t<\/div>\n\t\t\t\t<div class=\"elementor-element elementor-element-2498170 elementor-widget elementor-widget-heading\" data-id=\"2498170\" data-element_type=\"widget\" data-widget_type=\"heading.default\">\n\t\t\t\t<div class=\"elementor-widget-container\">\n\t\t\t\t\t<h2 class=\"elementor-heading-title elementor-size-default\">Pace Engineering GmbH<\/h2>\t\t\t\t<\/div>\n\t\t\t\t<\/div>\n\t\t\t\t<div class=\"elementor-element elementor-element-72c191a elementor-widget elementor-widget-text-editor\" data-id=\"72c191a\" data-element_type=\"widget\" data-widget_type=\"text-editor.default\">\n\t\t\t\t<div class=\"elementor-widget-container\">\n\t\t\t\t\t\t\t\t\t<p>I&#8217;m currently developing telemetry analysis software for simulator games, available for both amateur and professional racers.<\/p>\n<p>The app allows riders to analyse their performance in depth, such as optimising braking points, acceleration indicators and track times. The software has become a valuable tool for both the hobby sim-racing community and professional F1 e-sport teams. <\/p>\n\t\t\t\t\t\t\t\t<\/div>\n\t\t\t\t<\/div>\n\t\t\t\t<div class=\"elementor-element elementor-element-8f6751c elementor-widget elementor-widget-gtbus-s-heading\" data-id=\"8f6751c\" data-element_type=\"widget\" data-widget_type=\"gtbus-s-heading.default\">\n\t\t\t\t<div class=\"elementor-widget-container\">\n\t\t\t\t\t<div class=\"txt-section-title-2 txt-headline-2 pera-content txt-text-anim prthalign\">\n        <div class=\"subtitle elementor-gtbus-subtitle text-uppercase wow fadeInRight\"  data-wow-delay=\"200ms\" data-wow-duration=\"1000ms\">\n    +    <\/div>\n        <h3 class=\"elementor-gtbus-heading txt_sec_title tx-split-text split-in-right-2\">Er\u0151ss\u00e9geim \u00e9s hozz\u00e1adott \u00e9rt\u00e9kem<\/h3>    <\/div>\t\t\t\t<\/div>\n\t\t\t\t<\/div>\n\t\t\t\t<div class=\"elementor-element elementor-element-2c50cfe elementor-widget elementor-widget-text-editor\" data-id=\"2c50cfe\" data-element_type=\"widget\" data-widget_type=\"text-editor.default\">\n\t\t\t\t<div class=\"elementor-widget-container\">\n\t\t\t\t\t\t\t\t\t<p>I specialise in developing data-driven software to help solve complex problems and make better decisions. Through my previous experience, I am used to a high level of precision, agile development and<br \/>customer-centric solutions. <\/p>\n<p>I look forward to contributing my expertise and creativity to the company&#8217;s success in the world of algorithmic trading and investment technology.<\/p>\n\t\t\t\t\t\t\t\t<\/div>\n\t\t\t\t<\/div>\n\t\t\t\t\t<\/div>\n\t\t\t\t<\/div>\n\t\t\t\t<\/div>\n\t\t","protected":false},"excerpt":{"rendered":"<p>Fodor Istv\u00e1n Munkatapasztalatom \u00e9s szakmai eredm\u00e9nyeim EPAM Systems I started my career as a Java and UI developer, developing frontend and backend components for complex enterprise applications. This period laid the foundation for my agile development approach and technical foundation. FIFA I was involved in the development of the international player transfer system, which serves [&hellip;]<\/p>\n","protected":false},"author":1,"featured_media":0,"parent":4175,"menu_order":0,"comment_status":"closed","ping_status":"closed","template":"","meta":{"pmpro_default_level":"","inline_featured_image":false,"footnotes":""},"class_list":["post-4188","page","type-page","status-publish","hentry","pmpro-has-access"],"_links":{"self":[{"href":"https:\/\/allthemillions.com\/en\/wp-json\/wp\/v2\/pages\/4188","targetHints":{"allow":["GET"]}}],"collection":[{"href":"https:\/\/allthemillions.com\/en\/wp-json\/wp\/v2\/pages"}],"about":[{"href":"https:\/\/allthemillions.com\/en\/wp-json\/wp\/v2\/types\/page"}],"author":[{"embeddable":true,"href":"https:\/\/allthemillions.com\/en\/wp-json\/wp\/v2\/users\/1"}],"replies":[{"embeddable":true,"href":"https:\/\/allthemillions.com\/en\/wp-json\/wp\/v2\/comments?post=4188"}],"version-history":[{"count":2,"href":"https:\/\/allthemillions.com\/en\/wp-json\/wp\/v2\/pages\/4188\/revisions"}],"predecessor-version":[{"id":4340,"href":"https:\/\/allthemillions.com\/en\/wp-json\/wp\/v2\/pages\/4188\/revisions\/4340"}],"up":[{"embeddable":true,"href":"https:\/\/allthemillions.com\/en\/wp-json\/wp\/v2\/pages\/4175"}],"wp:attachment":[{"href":"https:\/\/allthemillions.com\/en\/wp-json\/wp\/v2\/media?parent=4188"}],"curies":[{"name":"wp","href":"https:\/\/api.w.org\/{rel}","templated":true}]}}