{"id":4190,"date":"2024-11-27T17:08:04","date_gmt":"2024-11-27T16:08:04","guid":{"rendered":"https:\/\/allthemillions.com\/about-us\/viktor-szonyi\/"},"modified":"2025-01-29T21:26:03","modified_gmt":"2025-01-29T20:26:03","slug":"viktor-szonyi","status":"publish","type":"page","link":"https:\/\/allthemillions.com\/en\/about-us\/viktor-szonyi\/","title":{"rendered":"Viktor Sz\u0151nyi"},"content":{"rendered":"\t\t<div data-elementor-type=\"wp-page\" data-elementor-id=\"4190\" class=\"elementor elementor-4190 elementor-3828\" data-elementor-post-type=\"page\">\n\t\t\t\t<div class=\"elementor-element elementor-element-896b667 e-flex e-con-boxed e-con e-parent\" data-id=\"896b667\" data-element_type=\"container\">\n\t\t\t\t\t<div class=\"e-con-inner\">\n\t\t\t\t<div class=\"elementor-element elementor-element-089641a elementor-widget elementor-widget-template\" data-id=\"089641a\" data-element_type=\"widget\" data-widget_type=\"template.default\">\n\t\t\t\t<div class=\"elementor-widget-container\">\n\t\t\t\t\t\t\t<div class=\"elementor-template\">\n\t\t\t\t\t<div data-elementor-type=\"section\" data-elementor-id=\"4195\" class=\"elementor elementor-4195 elementor-2284\" data-elementor-post-type=\"elementor_library\">\n\t\t\t\t\t<section class=\"elementor-section elementor-top-section elementor-element elementor-element-10552f1 elementor-section-content-middle elementor-section-full_width elementor-section-height-default elementor-section-height-default\" data-id=\"10552f1\" data-element_type=\"section\">\n\t\t\t\t\t\t<div class=\"elementor-container elementor-column-gap-default\">\n\t\t\t\t\t<div class=\"elementor-column elementor-col-50 elementor-top-column elementor-element elementor-element-2f3f80f\" data-id=\"2f3f80f\" data-element_type=\"column\">\n\t\t\t<div class=\"elementor-widget-wrap elementor-element-populated\">\n\t\t\t\t\t\t<div class=\"elementor-element elementor-element-aea065b elementor-widget elementor-widget-gtbus-img-box\" data-id=\"aea065b\" data-element_type=\"widget\" data-widget_type=\"gtbus-img-box.default\">\n\t\t\t\t<div class=\"elementor-widget-container\">\n\t\t\t\t\t<div class=\"gtb-progress-1-left\">\n    <img decoding=\"async\" src=\"https:\/\/allthemillions.com\/wp-content\/uploads\/2024\/05\/efpa-logo-2.png\" alt=\"image\" class=\"il-1 object\" data-value=\"10\">\n\n    <img decoding=\"async\" src=\"https:\/\/allthemillions.com\/wp-content\/uploads\/2024\/05\/bankar-kepzo-logo.png\" alt=\"image\" class=\"il-2 object\" data-value=\"3\">\n\n\n    <!-- img -->\n    <div class=\"gtb-progress-1-img\">\n        <img decoding=\"async\" src=\"https:\/\/allthemillions.com\/wp-content\/uploads\/2024\/06\/allthemillions-rolam.webp\" alt=\"image\">\n        <span class=\"bg-shape gtbslideup\"><\/span>\n    <\/div>\n\n\n<\/div>\t\t\t\t<\/div>\n\t\t\t\t<\/div>\n\t\t\t\t\t<\/div>\n\t\t<\/div>\n\t\t\t\t<div class=\"elementor-column elementor-col-50 elementor-top-column elementor-element elementor-element-e8e58b0\" data-id=\"e8e58b0\" data-element_type=\"column\">\n\t\t\t<div class=\"elementor-widget-wrap elementor-element-populated\">\n\t\t\t\t\t\t<div class=\"elementor-element elementor-element-2705103 elementor-invisible elementor-widget elementor-widget-text-editor\" data-id=\"2705103\" data-element_type=\"widget\" data-settings=\"{&quot;_animation&quot;:&quot;fadeInDown&quot;,&quot;_animation_delay&quot;:1500}\" data-widget_type=\"text-editor.default\">\n\t\t\t\t<div class=\"elementor-widget-container\">\n\t\t\t\t\t\t\t\t\t<p>Welcome!<\/p>\n\t\t\t\t\t\t\t\t<\/div>\n\t\t\t\t<\/div>\n\t\t\t\t<div class=\"elementor-element elementor-element-b0744d3 elementor-invisible elementor-widget elementor-widget-heading\" data-id=\"b0744d3\" data-element_type=\"widget\" data-settings=\"{&quot;_animation&quot;:&quot;fadeInRight&quot;}\" data-widget_type=\"heading.default\">\n\t\t\t\t<div class=\"elementor-widget-container\">\n\t\t\t\t\t<h2 class=\"elementor-heading-title elementor-size-default\">Viktor Sz\u0151nyi<\/h2>\t\t\t\t<\/div>\n\t\t\t\t<\/div>\n\t\t\t\t<div class=\"elementor-element elementor-element-10d3103 elementor-invisible elementor-widget elementor-widget-text-editor\" data-id=\"10d3103\" data-element_type=\"widget\" data-settings=\"{&quot;_animation&quot;:&quot;fadeInRight&quot;,&quot;_animation_delay&quot;:150}\" data-widget_type=\"text-editor.default\">\n\t\t\t\t<div class=\"elementor-widget-container\">\n\t\t\t\t\t\t\t\t\t<p>As the founder of allthemillions.com, my goal is to help as many people as possible achieve financial independence. As a qualified investment adviser with years of experience in stock market investing and as an educator, I have seen that people want new financial opportunities but have very little free time to spend on them. <\/p>\n<p>That&#8217;s why we&#8217;ve developed our fully automated trading algorithm, which can help you achieve financial independence without spending hours in front of a computer!<\/p>\n\t\t\t\t\t\t\t\t<\/div>\n\t\t\t\t<\/div>\n\t\t\t\t<div class=\"elementor-element elementor-element-1da25dd elementor-widget elementor-widget-gtbus-ct-info\" data-id=\"1da25dd\" data-element_type=\"widget\" data-widget_type=\"gtbus-ct-info.default\">\n\t\t\t\t<div class=\"elementor-widget-container\">\n\t\t\t\t\t<ul class=\"gtb-contact-link-1 progress-1\">\n            <li class=\"wow fadeIn\"  data-wow-duration=\"1s\" data-wow-delay=\".3s\">\n            <a href=\"mailto:viktor.szonyi@allthemillions.com\" aria-label=\"contact link\">\n                            <i aria-hidden=\"true\" class=\"fas fa-envelope\"><\/i>                \n            viktor.szonyi@allthemillions.com            <\/a>\n        <\/li>\n    <\/ul>\t\t\t\t<\/div>\n\t\t\t\t<\/div>\n\t\t\t\t<div class=\"elementor-element elementor-element-e4915b0 elementor-widget elementor-widget-gtbus-button\" data-id=\"e4915b0\" data-element_type=\"widget\" data-widget_type=\"gtbus-button.default\">\n\t\t\t\t<div class=\"elementor-widget-container\">\n\t\t\t\t\t<div class=\"btnalign\">\n    <a href=\"https:\/\/allthemillions.com\/rolunk\/szonyi-viktor\/\" target=\"_blank\" rel=\"nofollow\" aria-label=\"qoution button\" class=\"gtb-pr-btn-1\">\n        About me        <span class=\"icon\"> <i class=\"fas icon-1 fa-long-arrow-alt-right\"><\/i><\/span>\n    <\/a>\n<\/div>\t\t\t\t<\/div>\n\t\t\t\t<\/div>\n\t\t\t\t\t<\/div>\n\t\t<\/div>\n\t\t\t\t\t<\/div>\n\t\t<\/section>\n\t\t\t\t<\/div>\n\t\t\t\t<\/div>\n\t\t\t\t\t\t<\/div>\n\t\t\t\t<\/div>\n\t\t\t\t\t<\/div>\n\t\t\t\t<\/div>\n\t\t<div class=\"elementor-element elementor-element-5807e88 elementor-hidden-desktop elementor-hidden-tablet elementor-hidden-mobile e-flex e-con-boxed e-con e-parent\" data-id=\"5807e88\" data-element_type=\"container\">\n\t\t\t\t\t<div class=\"e-con-inner\">\n\t\t\t\t<div class=\"elementor-element elementor-element-f59338f elementor-widget elementor-widget-gtbus-s-heading\" data-id=\"f59338f\" data-element_type=\"widget\" data-widget_type=\"gtbus-s-heading.default\">\n\t\t\t\t<div class=\"elementor-widget-container\">\n\t\t\t\t\t<div class=\"txt-section-title-2 txt-headline-2 pera-content txt-text-anim prthalign\">\n        <div class=\"subtitle elementor-gtbus-subtitle text-uppercase wow fadeInRight\"  data-wow-delay=\"200ms\" data-wow-duration=\"1000ms\">\n    Fodor Istv\u00e1n    <\/div>\n        <h3 class=\"elementor-gtbus-heading txt_sec_title tx-split-text split-in-right-2\">Munkatapasztalatom \u00e9s szakmai eredm\u00e9nyeim<\/h3>    <\/div>\t\t\t\t<\/div>\n\t\t\t\t<\/div>\n\t\t\t\t<div class=\"elementor-element elementor-element-d180007 elementor-widget elementor-widget-heading\" data-id=\"d180007\" data-element_type=\"widget\" data-widget_type=\"heading.default\">\n\t\t\t\t<div class=\"elementor-widget-container\">\n\t\t\t\t\t<h2 class=\"elementor-heading-title elementor-size-default\">EPAM Systems<\/h2>\t\t\t\t<\/div>\n\t\t\t\t<\/div>\n\t\t\t\t<div class=\"elementor-element elementor-element-5f66130 elementor-widget elementor-widget-text-editor\" data-id=\"5f66130\" data-element_type=\"widget\" data-widget_type=\"text-editor.default\">\n\t\t\t\t<div class=\"elementor-widget-container\">\n\t\t\t\t\t\t\t\t\t<p>I started my career as a Java and UI developer, developing frontend and backend components for complex enterprise applications. This period laid the foundation for my agile development approach and technical foundation. <\/p>\n\t\t\t\t\t\t\t\t<\/div>\n\t\t\t\t<\/div>\n\t\t\t\t<div class=\"elementor-element elementor-element-51b0584 elementor-widget elementor-widget-heading\" data-id=\"51b0584\" data-element_type=\"widget\" data-widget_type=\"heading.default\">\n\t\t\t\t<div class=\"elementor-widget-container\">\n\t\t\t\t\t<h2 class=\"elementor-heading-title elementor-size-default\">FIFA<\/h2>\t\t\t\t<\/div>\n\t\t\t\t<\/div>\n\t\t\t\t<div class=\"elementor-element elementor-element-6bf454d elementor-widget elementor-widget-text-editor\" data-id=\"6bf454d\" data-element_type=\"widget\" data-widget_type=\"text-editor.default\">\n\t\t\t\t<div class=\"elementor-widget-container\">\n\t\t\t\t\t\t\t\t\t<p>I was involved in the development of the international player transfer system, which serves as a central platform for football clubs around the world. The system ensured secure and efficient data management during transfer transactions. <\/p>\n<p>For the 2022 FIFA World Cup, I developed an innovative software that allowed me to track players&#8217; movements, position, passing accuracy and running skills in real time. This system played a key role in optimising the strategies and opponent analysis of international teams. <\/p>\n\t\t\t\t\t\t\t\t<\/div>\n\t\t\t\t<\/div>\n\t\t\t\t<div class=\"elementor-element elementor-element-fe16cf3 elementor-widget elementor-widget-heading\" data-id=\"fe16cf3\" data-element_type=\"widget\" data-widget_type=\"heading.default\">\n\t\t\t\t<div class=\"elementor-widget-container\">\n\t\t\t\t\t<h2 class=\"elementor-heading-title elementor-size-default\">Synum Bank<\/h2>\t\t\t\t<\/div>\n\t\t\t\t<\/div>\n\t\t\t\t<div class=\"elementor-element elementor-element-1d035c2 elementor-widget elementor-widget-text-editor\" data-id=\"1d035c2\" data-element_type=\"widget\" data-widget_type=\"text-editor.default\">\n\t\t\t\t<div class=\"elementor-widget-container\">\n\t\t\t\t\t\t\t\t\t<p>At Synum Bank, I was involved in the development of banking solutions that integrated crypto technology into traditional banking systems.<\/p>\n<p>I developed a blockchain-based transaction management system that enabled increased data security and faster financial transactions for the bank&#8217;s customers.<\/p>\n<p>I have been involved in implementing digital financial services such as e-wallets and smart contracts.<\/p>\n\t\t\t\t\t\t\t\t<\/div>\n\t\t\t\t<\/div>\n\t\t\t\t<div class=\"elementor-element elementor-element-ba14322 elementor-widget elementor-widget-heading\" data-id=\"ba14322\" data-element_type=\"widget\" data-widget_type=\"heading.default\">\n\t\t\t\t<div class=\"elementor-widget-container\">\n\t\t\t\t\t<h2 class=\"elementor-heading-title elementor-size-default\">Pace Engineering GmbH<\/h2>\t\t\t\t<\/div>\n\t\t\t\t<\/div>\n\t\t\t\t<div class=\"elementor-element elementor-element-8ea60e4 elementor-widget elementor-widget-text-editor\" data-id=\"8ea60e4\" data-element_type=\"widget\" data-widget_type=\"text-editor.default\">\n\t\t\t\t<div class=\"elementor-widget-container\">\n\t\t\t\t\t\t\t\t\t<p>I&#8217;m currently developing telemetry analysis software for simulator games, available for both amateur and professional racers.<\/p>\n<p>The app allows riders to analyse their performance in depth, such as optimising braking points, acceleration indicators and track times. The software has become a valuable tool for both the hobby sim-racing community and professional F1 e-sport teams. <\/p>\n\t\t\t\t\t\t\t\t<\/div>\n\t\t\t\t<\/div>\n\t\t\t\t<div class=\"elementor-element elementor-element-a628342 elementor-widget elementor-widget-gtbus-s-heading\" data-id=\"a628342\" data-element_type=\"widget\" data-widget_type=\"gtbus-s-heading.default\">\n\t\t\t\t<div class=\"elementor-widget-container\">\n\t\t\t\t\t<div class=\"txt-section-title-2 txt-headline-2 pera-content txt-text-anim prthalign\">\n        <div class=\"subtitle elementor-gtbus-subtitle text-uppercase wow fadeInRight\"  data-wow-delay=\"200ms\" data-wow-duration=\"1000ms\">\n    +    <\/div>\n        <h3 class=\"elementor-gtbus-heading txt_sec_title tx-split-text split-in-right-2\">Er\u0151ss\u00e9geim \u00e9s hozz\u00e1adott \u00e9rt\u00e9kem<\/h3>    <\/div>\t\t\t\t<\/div>\n\t\t\t\t<\/div>\n\t\t\t\t<div class=\"elementor-element elementor-element-600e3d1 elementor-widget elementor-widget-text-editor\" data-id=\"600e3d1\" data-element_type=\"widget\" data-widget_type=\"text-editor.default\">\n\t\t\t\t<div class=\"elementor-widget-container\">\n\t\t\t\t\t\t\t\t\t<p>I specialise in developing data-driven software to help solve complex problems and make better decisions. Through my previous experience, I am used to a high level of precision, agile development and<br \/>customer-centric solutions. <\/p>\n<p>I look forward to contributing my expertise and creativity to the company&#8217;s success in the world of algorithmic trading and investment technology.<\/p>\n\t\t\t\t\t\t\t\t<\/div>\n\t\t\t\t<\/div>\n\t\t\t\t\t<\/div>\n\t\t\t\t<\/div>\n\t\t\t\t<\/div>\n\t\t","protected":false},"excerpt":{"rendered":"<p>Fodor Istv\u00e1n Munkatapasztalatom \u00e9s szakmai eredm\u00e9nyeim EPAM Systems I started my career as a Java and UI developer, developing frontend and backend components for complex enterprise applications. This period laid the foundation for my agile development approach and technical foundation. FIFA I was involved in the development of the international player transfer system, which serves [&hellip;]<\/p>\n","protected":false},"author":1,"featured_media":0,"parent":4175,"menu_order":0,"comment_status":"closed","ping_status":"closed","template":"","meta":{"pmpro_default_level":"","inline_featured_image":false,"footnotes":""},"class_list":["post-4190","page","type-page","status-publish","hentry","pmpro-has-access"],"_links":{"self":[{"href":"https:\/\/allthemillions.com\/en\/wp-json\/wp\/v2\/pages\/4190","targetHints":{"allow":["GET"]}}],"collection":[{"href":"https:\/\/allthemillions.com\/en\/wp-json\/wp\/v2\/pages"}],"about":[{"href":"https:\/\/allthemillions.com\/en\/wp-json\/wp\/v2\/types\/page"}],"author":[{"embeddable":true,"href":"https:\/\/allthemillions.com\/en\/wp-json\/wp\/v2\/users\/1"}],"replies":[{"embeddable":true,"href":"https:\/\/allthemillions.com\/en\/wp-json\/wp\/v2\/comments?post=4190"}],"version-history":[{"count":2,"href":"https:\/\/allthemillions.com\/en\/wp-json\/wp\/v2\/pages\/4190\/revisions"}],"predecessor-version":[{"id":4337,"href":"https:\/\/allthemillions.com\/en\/wp-json\/wp\/v2\/pages\/4190\/revisions\/4337"}],"up":[{"embeddable":true,"href":"https:\/\/allthemillions.com\/en\/wp-json\/wp\/v2\/pages\/4175"}],"wp:attachment":[{"href":"https:\/\/allthemillions.com\/en\/wp-json\/wp\/v2\/media?parent=4190"}],"curies":[{"name":"wp","href":"https:\/\/api.w.org\/{rel}","templated":true}]}}